{"id":1199,"date":"2023-03-22T11:14:25","date_gmt":"2023-03-22T11:14:25","guid":{"rendered":"https:\/\/projectmanagerlanzarote.com\/bio\/"},"modified":"2023-04-20T22:02:43","modified_gmt":"2023-04-20T21:02:43","slug":"bio","status":"publish","type":"page","link":"https:\/\/projectmanagerlanzarote.com\/es\/bio\/","title":{"rendered":"Bio"},"content":{"rendered":"\t\t<div data-elementor-type=\"wp-page\" data-elementor-id=\"1199\" class=\"elementor elementor-1199 elementor-37\">\n\t\t\t\t\t\t<section class=\"elementor-section elementor-top-section elementor-element elementor-element-7542ac7 elementor-hidden-desktop elementor-hidden-tablet elementor-section-boxed elementor-section-height-default elementor-section-height-default\" data-id=\"7542ac7\" data-element_type=\"section\">\n\t\t\t\t\t\t<div class=\"elementor-container elementor-column-gap-default\">\n\t\t\t\t\t<div class=\"elementor-column elementor-col-100 elementor-top-column elementor-element elementor-element-12f79dd\" data-id=\"12f79dd\" data-element_type=\"column\" data-settings=\"{&quot;background_background&quot;:&quot;classic&quot;}\">\n\t\t\t<div class=\"elementor-widget-wrap elementor-element-populated\">\n\t\t\t\t\t\t<div class=\"elementor-element elementor-element-427a4234 elementor-widget elementor-widget-image\" data-id=\"427a4234\" data-element_type=\"widget\" data-widget_type=\"image.default\">\n\t\t\t\t<div class=\"elementor-widget-container\">\n\t\t\t<style>\/*! elementor - v3.21.0 - 18-04-2024 *\/\n.elementor-widget-image{text-align:center}.elementor-widget-image a{display:inline-block}.elementor-widget-image a img[src$=\".svg\"]{width:48px}.elementor-widget-image img{vertical-align:middle;display:inline-block}<\/style>\t\t\t\t\t\t\t\t\t\t<img fetchpriority=\"high\" decoding=\"async\" width=\"785\" height=\"456\" src=\"https:\/\/projectmanagerlanzarote.com\/wp-content\/uploads\/2023\/03\/bio-rafael-barbadillo.jpg\" class=\"attachment-full size-full wp-image-1028\" alt=\"bio rafael barbadillo\" srcset=\"https:\/\/projectmanagerlanzarote.com\/wp-content\/uploads\/2023\/03\/bio-rafael-barbadillo.jpg 785w, https:\/\/projectmanagerlanzarote.com\/wp-content\/uploads\/2023\/03\/bio-rafael-barbadillo-300x174.jpg 300w, https:\/\/projectmanagerlanzarote.com\/wp-content\/uploads\/2023\/03\/bio-rafael-barbadillo-768x446.jpg 768w\" sizes=\"(max-width: 785px) 100vw, 785px\" \/>\t\t\t\t\t\t\t\t\t\t\t\t\t<\/div>\n\t\t\t\t<\/div>\n\t\t\t\t<div class=\"elementor-element elementor-element-156fe607 texto elementor-widget elementor-widget-text-editor\" data-id=\"156fe607\" data-element_type=\"widget\" data-widget_type=\"text-editor.default\">\n\t\t\t\t<div class=\"elementor-widget-container\">\n\t\t\t<style>\/*! elementor - v3.21.0 - 18-04-2024 *\/\n.elementor-widget-text-editor.elementor-drop-cap-view-stacked .elementor-drop-cap{background-color:#69727d;color:#fff}.elementor-widget-text-editor.elementor-drop-cap-view-framed .elementor-drop-cap{color:#69727d;border:3px solid;background-color:transparent}.elementor-widget-text-editor:not(.elementor-drop-cap-view-default) .elementor-drop-cap{margin-top:8px}.elementor-widget-text-editor:not(.elementor-drop-cap-view-default) .elementor-drop-cap-letter{width:1em;height:1em}.elementor-widget-text-editor .elementor-drop-cap{float:left;text-align:center;line-height:1;font-size:50px}.elementor-widget-text-editor .elementor-drop-cap-letter{display:inline-block}<\/style>\t\t\t\tCapacidad de liderazgo y  trabajo en grupo, persona resolutiva y amante de su trabajo.\t\t\t\t\t\t<\/div>\n\t\t\t\t<\/div>\n\t\t\t\t\t<\/div>\n\t\t<\/div>\n\t\t\t\t\t<\/div>\n\t\t<\/section>\n\t\t\t\t<section class=\"elementor-section elementor-top-section elementor-element elementor-element-29afe36 detalle-vivienda elementor-section-boxed elementor-section-height-default elementor-section-height-default\" data-id=\"29afe36\" data-element_type=\"section\">\n\t\t\t\t\t\t<div class=\"elementor-container elementor-column-gap-default\">\n\t\t\t\t\t<div class=\"elementor-column elementor-col-100 elementor-top-column elementor-element elementor-element-2512f9e\" data-id=\"2512f9e\" data-element_type=\"column\">\n\t\t\t<div class=\"elementor-widget-wrap elementor-element-populated\">\n\t\t\t\t\t\t<section class=\"elementor-section elementor-inner-section elementor-element elementor-element-3d16da6 elementor-section-boxed elementor-section-height-default elementor-section-height-default\" data-id=\"3d16da6\" data-element_type=\"section\">\n\t\t\t\t\t\t<div class=\"elementor-container elementor-column-gap-default\">\n\t\t\t\t\t<div class=\"elementor-column elementor-col-50 elementor-inner-column elementor-element elementor-element-d686e79\" data-id=\"d686e79\" data-element_type=\"column\">\n\t\t\t<div class=\"elementor-widget-wrap elementor-element-populated\">\n\t\t\t\t\t\t<div class=\"elementor-element elementor-element-ba72daa elementor-widget elementor-widget-heading\" data-id=\"ba72daa\" data-element_type=\"widget\" data-widget_type=\"heading.default\">\n\t\t\t\t<div class=\"elementor-widget-container\">\n\t\t\t<style>\/*! elementor - v3.21.0 - 18-04-2024 *\/\n.elementor-heading-title{padding:0;margin:0;line-height:1}.elementor-widget-heading .elementor-heading-title[class*=elementor-size-]>a{color:inherit;font-size:inherit;line-height:inherit}.elementor-widget-heading .elementor-heading-title.elementor-size-small{font-size:15px}.elementor-widget-heading .elementor-heading-title.elementor-size-medium{font-size:19px}.elementor-widget-heading .elementor-heading-title.elementor-size-large{font-size:29px}.elementor-widget-heading .elementor-heading-title.elementor-size-xl{font-size:39px}.elementor-widget-heading .elementor-heading-title.elementor-size-xxl{font-size:59px}<\/style><h1 class=\"elementor-heading-title elementor-size-default\">RAFAEL<br> BARBADILLO<\/h1>\t\t<\/div>\n\t\t\t\t<\/div>\n\t\t\t\t<div class=\"elementor-element elementor-element-63ff901 elementor-widget elementor-widget-text-editor\" data-id=\"63ff901\" data-element_type=\"widget\" data-widget_type=\"text-editor.default\">\n\t\t\t\t<div class=\"elementor-widget-container\">\n\t\t\t\t\t\t\t<p>Rafael Barbadillo Garnica se traslada de Bilbao a Lanzarote en el a\u00f1o 1995. A partir de entonces centra su labor profesional en diferentes empresas constructoras,\u00a0para posteriormente, y ya con la experiencia necesaria, abrir su propio despacho profesional. Desde el mismo, y entre otras labores, emprende su tarea de asesor en procesos constructivos de todo tipo como Director de Obra.<\/p><p>As\u00ed mismo se especializa en la realizaci\u00f3n de informes periciales sobre todo tipo de errores t\u00e9cnicos del proceso constructivo, incluyendo adem\u00e1s la realizaci\u00f3n de diferentes proyectos. Son muchas las viviendas y edificaciones que se dirigen a partir de ese momento y hasta la actualidad.<\/p><p>En esta experiencia profesional es donde surge la necesidad del <em>project manager<\/em>, sobre todo al encontrar personas ilusionadas que han visto frustrado el sue\u00f1o de realizar su vivienda por diferentes problemas, ya sean de \u00edndole urban\u00edstico, de dise\u00f1o, de mala contrataci\u00f3n,\u00a0por inexistencia de un contrato legal, por una forma de pago inadecuada a sus posibilidades,\u00a0por deficiente ejecuci\u00f3n de la obra o defectuosa direcci\u00f3n de la misma, o por un presupuesto que no inclu\u00eda todos los elementos necesarios para poder culminar los trabajos.<\/p>\t\t\t\t\t\t<\/div>\n\t\t\t\t<\/div>\n\t\t\t\t\t<\/div>\n\t\t<\/div>\n\t\t\t\t<div class=\"elementor-column elementor-col-50 elementor-inner-column elementor-element elementor-element-1d6f118 elementor-hidden-mobile\" data-id=\"1d6f118\" data-element_type=\"column\" data-settings=\"{&quot;background_background&quot;:&quot;classic&quot;}\">\n\t\t\t<div class=\"elementor-widget-wrap elementor-element-populated\">\n\t\t\t\t\t\t<div class=\"elementor-element elementor-element-82c7f0f elementor-widget elementor-widget-image\" data-id=\"82c7f0f\" data-element_type=\"widget\" data-widget_type=\"image.default\">\n\t\t\t\t<div class=\"elementor-widget-container\">\n\t\t\t\t\t\t\t\t\t\t\t\t\t<img fetchpriority=\"high\" decoding=\"async\" width=\"785\" height=\"456\" src=\"https:\/\/projectmanagerlanzarote.com\/wp-content\/uploads\/2023\/03\/bio-rafael-barbadillo.jpg\" class=\"attachment-full size-full wp-image-1028\" alt=\"bio rafael barbadillo\" srcset=\"https:\/\/projectmanagerlanzarote.com\/wp-content\/uploads\/2023\/03\/bio-rafael-barbadillo.jpg 785w, https:\/\/projectmanagerlanzarote.com\/wp-content\/uploads\/2023\/03\/bio-rafael-barbadillo-300x174.jpg 300w, https:\/\/projectmanagerlanzarote.com\/wp-content\/uploads\/2023\/03\/bio-rafael-barbadillo-768x446.jpg 768w\" sizes=\"(max-width: 785px) 100vw, 785px\" \/>\t\t\t\t\t\t\t\t\t\t\t\t\t<\/div>\n\t\t\t\t<\/div>\n\t\t\t\t<div class=\"elementor-element elementor-element-7539b5d texto elementor-widget elementor-widget-text-editor\" data-id=\"7539b5d\" data-element_type=\"widget\" data-widget_type=\"text-editor.default\">\n\t\t\t\t<div class=\"elementor-widget-container\">\n\t\t\t\t\t\t\tCapacidad de liderazgo y  trabajo en grupo, persona resolutiva y amante de su trabajo.\t\t\t\t\t\t<\/div>\n\t\t\t\t<\/div>\n\t\t\t\t\t<\/div>\n\t\t<\/div>\n\t\t\t\t\t<\/div>\n\t\t<\/section>\n\t\t\t\t\t<\/div>\n\t\t<\/div>\n\t\t\t\t\t<\/div>\n\t\t<\/section>\n\t\t\t\t<section class=\"elementor-section elementor-top-section elementor-element elementor-element-aa96e60 elementor-section-boxed elementor-section-height-default elementor-section-height-default\" data-id=\"aa96e60\" data-element_type=\"section\">\n\t\t\t\t\t\t<div class=\"elementor-container elementor-column-gap-default\">\n\t\t\t\t\t<div class=\"elementor-column elementor-col-100 elementor-top-column elementor-element elementor-element-e117f6c\" data-id=\"e117f6c\" data-element_type=\"column\">\n\t\t\t<div class=\"elementor-widget-wrap elementor-element-populated\">\n\t\t\t\t\t\t<section class=\"elementor-section elementor-inner-section elementor-element elementor-element-922cdac numeros elementor-section-boxed elementor-section-height-default elementor-section-height-default\" data-id=\"922cdac\" data-element_type=\"section\">\n\t\t\t\t\t\t<div class=\"elementor-container elementor-column-gap-default\">\n\t\t\t\t\t<div class=\"elementor-column elementor-col-33 elementor-inner-column elementor-element elementor-element-a876d49\" data-id=\"a876d49\" data-element_type=\"column\">\n\t\t\t<div class=\"elementor-widget-wrap elementor-element-populated\">\n\t\t\t\t\t\t<div class=\"elementor-element elementor-element-8688b17 elementor-widget elementor-widget-text-editor\" data-id=\"8688b17\" data-element_type=\"widget\" data-widget_type=\"text-editor.default\">\n\t\t\t\t<div class=\"elementor-widget-container\">\n\t\t\t\t\t\t\t<p style=\" margin-bottom:0;\">29<\/p>\t\t\t\t\t\t<\/div>\n\t\t\t\t<\/div>\n\t\t\t\t<div class=\"elementor-element elementor-element-586760e elementor-widget elementor-widget-text-editor\" data-id=\"586760e\" data-element_type=\"widget\" data-widget_type=\"text-editor.default\">\n\t\t\t\t<div class=\"elementor-widget-container\">\n\t\t\t\t\t\t\t<p style=\"margin-bottom: 0;\">A\u00f1os de experiencia<\/p>\t\t\t\t\t\t<\/div>\n\t\t\t\t<\/div>\n\t\t\t\t\t<\/div>\n\t\t<\/div>\n\t\t\t\t<div class=\"elementor-column elementor-col-33 elementor-inner-column elementor-element elementor-element-3f205fc\" data-id=\"3f205fc\" data-element_type=\"column\">\n\t\t\t<div class=\"elementor-widget-wrap elementor-element-populated\">\n\t\t\t\t\t\t<div class=\"elementor-element elementor-element-377bd4a elementor-widget elementor-widget-text-editor\" data-id=\"377bd4a\" data-element_type=\"widget\" data-widget_type=\"text-editor.default\">\n\t\t\t\t<div class=\"elementor-widget-container\">\n\t\t\t\t\t\t\t<p style=\"margin-bottom: 0;\"><span class=\"mas\">+<\/span>200<\/p>\t\t\t\t\t\t<\/div>\n\t\t\t\t<\/div>\n\t\t\t\t<div class=\"elementor-element elementor-element-166d5c3 elementor-widget elementor-widget-text-editor\" data-id=\"166d5c3\" data-element_type=\"widget\" data-widget_type=\"text-editor.default\">\n\t\t\t\t<div class=\"elementor-widget-container\">\n\t\t\t\t\t\t\t<p style=\"margin-bottom: 0;\">Direcciones de obra<\/p>\t\t\t\t\t\t<\/div>\n\t\t\t\t<\/div>\n\t\t\t\t\t<\/div>\n\t\t<\/div>\n\t\t\t\t<div class=\"elementor-column elementor-col-33 elementor-inner-column elementor-element elementor-element-1d5cbc7\" data-id=\"1d5cbc7\" data-element_type=\"column\">\n\t\t\t<div class=\"elementor-widget-wrap elementor-element-populated\">\n\t\t\t\t\t\t<div class=\"elementor-element elementor-element-c071f39 elementor-widget elementor-widget-text-editor\" data-id=\"c071f39\" data-element_type=\"widget\" data-widget_type=\"text-editor.default\">\n\t\t\t\t<div class=\"elementor-widget-container\">\n\t\t\t\t\t\t\t<p style=\" margin-bottom:0;\"><span class=\"mas\">+<\/span>400<\/p>\t\t\t\t\t\t<\/div>\n\t\t\t\t<\/div>\n\t\t\t\t<div class=\"elementor-element elementor-element-40db7f3 elementor-widget elementor-widget-text-editor\" data-id=\"40db7f3\" data-element_type=\"widget\" data-widget_type=\"text-editor.default\">\n\t\t\t\t<div class=\"elementor-widget-container\">\n\t\t\t\t\t\t\t<p style=\"margin-bottom: 0;\">Informes<\/p>\t\t\t\t\t\t<\/div>\n\t\t\t\t<\/div>\n\t\t\t\t\t<\/div>\n\t\t<\/div>\n\t\t\t\t\t<\/div>\n\t\t<\/section>\n\t\t\t\t\t<\/div>\n\t\t<\/div>\n\t\t\t\t\t<\/div>\n\t\t<\/section>\n\t\t\t\t<\/div>\n\t\t","protected":false},"excerpt":{"rendered":"<p>Capacidad de liderazgo y trabajo en grupo, persona resolutiva y amante de su trabajo. RAFAEL BARBADILLO Rafael Barbadillo Garnica se traslada de Bilbao a Lanzarote en el a\u00f1o 1995. A partir de entonces centra su labor profesional en diferentes empresas constructoras,\u00a0para posteriormente, y ya con la experiencia necesaria, abrir su propio despacho profesional. Desde el [&hellip;]<\/p>\n","protected":false},"author":1,"featured_media":0,"parent":0,"menu_order":0,"comment_status":"closed","ping_status":"closed","template":"","meta":{"_acf_changed":false,"site-sidebar-layout":"no-sidebar","site-content-layout":"page-builder","ast-site-content-layout":"","site-content-style":"default","site-sidebar-style":"default","ast-global-header-display":"","ast-banner-title-visibility":"","ast-main-header-display":"","ast-hfb-above-header-display":"","ast-hfb-below-header-display":"","ast-hfb-mobile-header-display":"","site-post-title":"disabled","ast-breadcrumbs-content":"","ast-featured-img":"disabled","footer-sml-layout":"","theme-transparent-header-meta":"","adv-header-id-meta":"","stick-header-meta":"","header-above-stick-meta":"","header-main-stick-meta":"","header-below-stick-meta":"","astra-migrate-meta-layouts":"default","ast-page-background-enabled":"default","ast-page-background-meta":{"desktop":{"background-color":"var(--ast-global-color-4)","background-image":"","background-repeat":"repeat","background-position":"center center","background-size":"auto","background-attachment":"scroll","background-type":"","background-media":"","overlay-type":"","overlay-color":"","overlay-gradient":""},"tablet":{"background-color":"","background-image":"","background-repeat":"repeat","background-position":"center center","background-size":"auto","background-attachment":"scroll","background-type":"","background-media":"","overlay-type":"","overlay-color":"","overlay-gradient":""},"mobile":{"background-color":"","background-image":"","background-repeat":"repeat","background-position":"center center","background-size":"auto","background-attachment":"scroll","background-type":"","background-media":"","overlay-type":"","overlay-color":"","overlay-gradient":""}},"ast-content-background-meta":{"desktop":{"background-color":"var(--ast-global-color-5)","background-image":"","background-repeat":"repeat","background-position":"center center","background-size":"auto","background-attachment":"scroll","background-type":"","background-media":"","overlay-type":"","overlay-color":"","overlay-gradient":""},"tablet":{"background-color":"var(--ast-global-color-5)","background-image":"","background-repeat":"repeat","background-position":"center center","background-size":"auto","background-attachment":"scroll","background-type":"","background-media":"","overlay-type":"","overlay-color":"","overlay-gradient":""},"mobile":{"background-color":"var(--ast-global-color-5)","background-image":"","background-repeat":"repeat","background-position":"center center","background-size":"auto","background-attachment":"scroll","background-type":"","background-media":"","overlay-type":"","overlay-color":"","overlay-gradient":""}},"footnotes":""},"class_list":["post-1199","page","type-page","status-publish","hentry"],"acf":[],"yoast_head":"<!-- This site is optimized with the Yoast SEO plugin v22.5 - https:\/\/yoast.com\/wordpress\/plugins\/seo\/ -->\n<title>Rafael Barbadillo - Project Manager Lanzarote<\/title>\n<meta name=\"description\" content=\"Conoce la trayectoria de Rafael Barbadillo como gerente de proyectos en Lanzarote y sus habilidades en liderazgo y gesti\u00f3n.\" \/>\n<meta name=\"robots\" content=\"index, follow, max-snippet:-1, max-image-preview:large, max-video-preview:-1\" \/>\n<link rel=\"canonical\" href=\"https:\/\/projectmanagerlanzarote.com\/es\/bio\/\" \/>\n<meta property=\"og:locale\" content=\"es_ES\" \/>\n<meta property=\"og:type\" content=\"article\" \/>\n<meta property=\"og:title\" content=\"Rafael Barbadillo - Project Manager Lanzarote\" \/>\n<meta property=\"og:description\" content=\"Conoce la trayectoria de Rafael Barbadillo como gerente de proyectos en Lanzarote y sus habilidades en liderazgo y gesti\u00f3n.\" \/>\n<meta property=\"og:url\" content=\"https:\/\/projectmanagerlanzarote.com\/es\/bio\/\" \/>\n<meta property=\"og:site_name\" content=\"Project Manager Lanzarote\" \/>\n<meta property=\"article:modified_time\" content=\"2023-04-20T21:02:43+00:00\" \/>\n<meta property=\"og:image\" content=\"https:\/\/projectmanagerlanzarote.com\/wp-content\/uploads\/2023\/03\/bio-rafael-barbadillo.jpg\" \/>\n<meta name=\"twitter:card\" content=\"summary_large_image\" \/>\n<meta name=\"twitter:label1\" content=\"Tiempo de lectura\" \/>\n\t<meta name=\"twitter:data1\" content=\"2 minutos\" \/>\n<script type=\"application\/ld+json\" class=\"yoast-schema-graph\">{\"@context\":\"https:\/\/schema.org\",\"@graph\":[{\"@type\":\"WebPage\",\"@id\":\"https:\/\/projectmanagerlanzarote.com\/es\/bio\/\",\"url\":\"https:\/\/projectmanagerlanzarote.com\/es\/bio\/\",\"name\":\"Rafael Barbadillo - Project Manager Lanzarote\",\"isPartOf\":{\"@id\":\"https:\/\/projectmanagerlanzarote.com\/es\/#website\"},\"primaryImageOfPage\":{\"@id\":\"https:\/\/projectmanagerlanzarote.com\/es\/bio\/#primaryimage\"},\"image\":{\"@id\":\"https:\/\/projectmanagerlanzarote.com\/es\/bio\/#primaryimage\"},\"thumbnailUrl\":\"https:\/\/projectmanagerlanzarote.com\/wp-content\/uploads\/2023\/03\/bio-rafael-barbadillo.jpg\",\"datePublished\":\"2023-03-22T11:14:25+00:00\",\"dateModified\":\"2023-04-20T21:02:43+00:00\",\"description\":\"Conoce la trayectoria de Rafael Barbadillo como gerente de proyectos en Lanzarote y sus habilidades en liderazgo y gesti\u00f3n.\",\"breadcrumb\":{\"@id\":\"https:\/\/projectmanagerlanzarote.com\/es\/bio\/#breadcrumb\"},\"inLanguage\":\"es\",\"potentialAction\":[{\"@type\":\"ReadAction\",\"target\":[\"https:\/\/projectmanagerlanzarote.com\/es\/bio\/\"]}]},{\"@type\":\"ImageObject\",\"inLanguage\":\"es\",\"@id\":\"https:\/\/projectmanagerlanzarote.com\/es\/bio\/#primaryimage\",\"url\":\"https:\/\/projectmanagerlanzarote.com\/wp-content\/uploads\/2023\/03\/bio-rafael-barbadillo.jpg\",\"contentUrl\":\"https:\/\/projectmanagerlanzarote.com\/wp-content\/uploads\/2023\/03\/bio-rafael-barbadillo.jpg\"},{\"@type\":\"BreadcrumbList\",\"@id\":\"https:\/\/projectmanagerlanzarote.com\/es\/bio\/#breadcrumb\",\"itemListElement\":[{\"@type\":\"ListItem\",\"position\":1,\"name\":\"Home\",\"item\":\"https:\/\/projectmanagerlanzarote.com\/es\/\"},{\"@type\":\"ListItem\",\"position\":2,\"name\":\"Bio\"}]},{\"@type\":\"WebSite\",\"@id\":\"https:\/\/projectmanagerlanzarote.com\/es\/#website\",\"url\":\"https:\/\/projectmanagerlanzarote.com\/es\/\",\"name\":\"Project Manager Lanzarote\",\"description\":\"Your Project Manager in Lanzarote\",\"publisher\":{\"@id\":\"https:\/\/projectmanagerlanzarote.com\/es\/#organization\"},\"potentialAction\":[{\"@type\":\"SearchAction\",\"target\":{\"@type\":\"EntryPoint\",\"urlTemplate\":\"https:\/\/projectmanagerlanzarote.com\/es\/?s={search_term_string}\"},\"query-input\":\"required name=search_term_string\"}],\"inLanguage\":\"es\"},{\"@type\":\"Organization\",\"@id\":\"https:\/\/projectmanagerlanzarote.com\/es\/#organization\",\"name\":\"Rafael Barbadillo\",\"url\":\"https:\/\/projectmanagerlanzarote.com\/es\/\",\"logo\":{\"@type\":\"ImageObject\",\"inLanguage\":\"es\",\"@id\":\"https:\/\/projectmanagerlanzarote.com\/es\/#\/schema\/logo\/image\/\",\"url\":\"https:\/\/projectmanagerlanzarote.com\/wp-content\/uploads\/2023\/03\/favicon.jpg\",\"contentUrl\":\"https:\/\/projectmanagerlanzarote.com\/wp-content\/uploads\/2023\/03\/favicon.jpg\",\"width\":64,\"height\":64,\"caption\":\"Rafael Barbadillo\"},\"image\":{\"@id\":\"https:\/\/projectmanagerlanzarote.com\/es\/#\/schema\/logo\/image\/\"}}]}<\/script>\n<!-- \/ Yoast SEO plugin. -->","yoast_head_json":{"title":"Rafael Barbadillo - Project Manager Lanzarote","description":"Conoce la trayectoria de Rafael Barbadillo como gerente de proyectos en Lanzarote y sus habilidades en liderazgo y gesti\u00f3n.","robots":{"index":"index","follow":"follow","max-snippet":"max-snippet:-1","max-image-preview":"max-image-preview:large","max-video-preview":"max-video-preview:-1"},"canonical":"https:\/\/projectmanagerlanzarote.com\/es\/bio\/","og_locale":"es_ES","og_type":"article","og_title":"Rafael Barbadillo - Project Manager Lanzarote","og_description":"Conoce la trayectoria de Rafael Barbadillo como gerente de proyectos en Lanzarote y sus habilidades en liderazgo y gesti\u00f3n.","og_url":"https:\/\/projectmanagerlanzarote.com\/es\/bio\/","og_site_name":"Project Manager Lanzarote","article_modified_time":"2023-04-20T21:02:43+00:00","og_image":[{"url":"https:\/\/projectmanagerlanzarote.com\/wp-content\/uploads\/2023\/03\/bio-rafael-barbadillo.jpg"}],"twitter_card":"summary_large_image","twitter_misc":{"Tiempo de lectura":"2 minutos"},"schema":{"@context":"https:\/\/schema.org","@graph":[{"@type":"WebPage","@id":"https:\/\/projectmanagerlanzarote.com\/es\/bio\/","url":"https:\/\/projectmanagerlanzarote.com\/es\/bio\/","name":"Rafael Barbadillo - Project Manager Lanzarote","isPartOf":{"@id":"https:\/\/projectmanagerlanzarote.com\/es\/#website"},"primaryImageOfPage":{"@id":"https:\/\/projectmanagerlanzarote.com\/es\/bio\/#primaryimage"},"image":{"@id":"https:\/\/projectmanagerlanzarote.com\/es\/bio\/#primaryimage"},"thumbnailUrl":"https:\/\/projectmanagerlanzarote.com\/wp-content\/uploads\/2023\/03\/bio-rafael-barbadillo.jpg","datePublished":"2023-03-22T11:14:25+00:00","dateModified":"2023-04-20T21:02:43+00:00","description":"Conoce la trayectoria de Rafael Barbadillo como gerente de proyectos en Lanzarote y sus habilidades en liderazgo y gesti\u00f3n.","breadcrumb":{"@id":"https:\/\/projectmanagerlanzarote.com\/es\/bio\/#breadcrumb"},"inLanguage":"es","potentialAction":[{"@type":"ReadAction","target":["https:\/\/projectmanagerlanzarote.com\/es\/bio\/"]}]},{"@type":"ImageObject","inLanguage":"es","@id":"https:\/\/projectmanagerlanzarote.com\/es\/bio\/#primaryimage","url":"https:\/\/projectmanagerlanzarote.com\/wp-content\/uploads\/2023\/03\/bio-rafael-barbadillo.jpg","contentUrl":"https:\/\/projectmanagerlanzarote.com\/wp-content\/uploads\/2023\/03\/bio-rafael-barbadillo.jpg"},{"@type":"BreadcrumbList","@id":"https:\/\/projectmanagerlanzarote.com\/es\/bio\/#breadcrumb","itemListElement":[{"@type":"ListItem","position":1,"name":"Home","item":"https:\/\/projectmanagerlanzarote.com\/es\/"},{"@type":"ListItem","position":2,"name":"Bio"}]},{"@type":"WebSite","@id":"https:\/\/projectmanagerlanzarote.com\/es\/#website","url":"https:\/\/projectmanagerlanzarote.com\/es\/","name":"Project Manager Lanzarote","description":"Your Project Manager in Lanzarote","publisher":{"@id":"https:\/\/projectmanagerlanzarote.com\/es\/#organization"},"potentialAction":[{"@type":"SearchAction","target":{"@type":"EntryPoint","urlTemplate":"https:\/\/projectmanagerlanzarote.com\/es\/?s={search_term_string}"},"query-input":"required name=search_term_string"}],"inLanguage":"es"},{"@type":"Organization","@id":"https:\/\/projectmanagerlanzarote.com\/es\/#organization","name":"Rafael Barbadillo","url":"https:\/\/projectmanagerlanzarote.com\/es\/","logo":{"@type":"ImageObject","inLanguage":"es","@id":"https:\/\/projectmanagerlanzarote.com\/es\/#\/schema\/logo\/image\/","url":"https:\/\/projectmanagerlanzarote.com\/wp-content\/uploads\/2023\/03\/favicon.jpg","contentUrl":"https:\/\/projectmanagerlanzarote.com\/wp-content\/uploads\/2023\/03\/favicon.jpg","width":64,"height":64,"caption":"Rafael Barbadillo"},"image":{"@id":"https:\/\/projectmanagerlanzarote.com\/es\/#\/schema\/logo\/image\/"}}]}},"_links":{"self":[{"href":"https:\/\/projectmanagerlanzarote.com\/es\/wp-json\/wp\/v2\/pages\/1199","targetHints":{"allow":["GET"]}}],"collection":[{"href":"https:\/\/projectmanagerlanzarote.com\/es\/wp-json\/wp\/v2\/pages"}],"about":[{"href":"https:\/\/projectmanagerlanzarote.com\/es\/wp-json\/wp\/v2\/types\/page"}],"author":[{"embeddable":true,"href":"https:\/\/projectmanagerlanzarote.com\/es\/wp-json\/wp\/v2\/users\/1"}],"replies":[{"embeddable":true,"href":"https:\/\/projectmanagerlanzarote.com\/es\/wp-json\/wp\/v2\/comments?post=1199"}],"version-history":[{"count":73,"href":"https:\/\/projectmanagerlanzarote.com\/es\/wp-json\/wp\/v2\/pages\/1199\/revisions"}],"predecessor-version":[{"id":1624,"href":"https:\/\/projectmanagerlanzarote.com\/es\/wp-json\/wp\/v2\/pages\/1199\/revisions\/1624"}],"wp:attachment":[{"href":"https:\/\/projectmanagerlanzarote.com\/es\/wp-json\/wp\/v2\/media?parent=1199"}],"curies":[{"name":"wp","href":"https:\/\/api.w.org\/{rel}","templated":true}]}}